{"id":23610,"date":"2023-06-04T23:25:40","date_gmt":"2023-06-04T21:25:40","guid":{"rendered":"https:\/\/www.mused-mosaik.de\/?page_id=23610"},"modified":"2025-04-07T14:25:47","modified_gmt":"2025-04-07T12:25:47","slug":"mosaico-esperienza-di-squadra","status":"publish","type":"page","link":"https:\/\/www.mused-mosaik.de\/it\/mosaico-esperienza-di-squadra\/","title":{"rendered":"Per aziende: il mosaico come esperienza di squadra"},"content":{"rendered":"\n<h2 class=\"wp-block-heading\">Il lavoro di squadra incontra la creativit\u00e0<\/h2>\n\n\n\n<p>Un workshop sul mosaico \u00e8 pi\u00f9 di una semplice pausa creativa: rafforza lo spirito di squadra, promuove la collaborazione e vi permette di creare un&#8217;opera d&#8217;arte comune. Le vostre idee individuali e i valori aziendali diventano visibili in un mosaico unico.<\/p>\n\n\n\n<h2 class=\"wp-block-heading\">Ecco come si svolger\u00e0 il vostro workshop<\/h2>\n\n\n\n<ol start=\"1\" class=\"wp-block-list\">\n<li><strong>Briefing e pianificazione<\/strong><br>Iniziamo con un colloquio conoscitivo, di persona o tramite videochiamata. Discutiamo dei vostri desideri, del design desiderato e dei possibili materiali. Il vostro corporate design e i materiali della vostra azienda possono essere utilizzati per rendere il mosaico particolarmente autentico.<\/li>\n\n\n\n<li><strong>Offerta individuale<\/strong><br>Sulla base delle vostre idee, riceverete un&#8217;offerta che include tutti i progetti, la preparazione e il follow-up, il viaggio e i costi dei materiali.<\/li>\n\n\n\n<li><strong>Progettazione<\/strong><br>Sviluppo due proposte di design tra cui potete scegliere. Ci sono poi due modi per realizzarle: il mosaico pu\u00f2 essere un murale, una scultura o un oggetto funzionale, a seconda delle vostre idee e del tempo a disposizione.<br>&#8211; Lavorerete su un modello da me progettato.<br>&#8211; Sviluppate il design come squadra e progettate insieme la superficie. In alternativa, potete sviluppare il design in squadra insieme a me. Questo rende il progetto ancora pi\u00f9 individuale, ma richiede pi\u00f9 tempo per la raccolta dei materiali e la pianificazione. Se decidete di seguire questa strada, calcoleremo insieme la cornice giusta.<\/li>\n\n\n\n<li><strong>La vostra parte creativa<\/strong><br>Il giorno del workshop vi fornir\u00f2 un&#8217;introduzione al materiale e alla tecnica. Ognuno realizzer\u00e0 un proprio pezzo di mosaico, che alla fine assembleremo in un&#8217;unica grande opera. In alternativa, ognuno pu\u00f2 portare a casa la propria piccola opera. Il processo \u00e8 interattivo, dinamico e garantisce una speciale esperienza di squadra.<\/li>\n\n\n\n<li><strong>Completamento e presentazione<\/strong><br>Il mosaico viene completato dopo il workshop. Se non c&#8217;\u00e8 abbastanza tempo, mi occupo io della rifinitura. L&#8217;opera d&#8217;arte finita pu\u00f2 poi essere presentata nella vostra azienda, come simbolo della vostra collaborazione creativa.<\/li>\n<\/ol>\n\n\n\n<p><strong><strong>Sviluppiamo insieme un progetto di mosaico che abbia un impatto<\/strong><\/strong>!<\/p>\n\n\n\n<div class=\"wp-block-group\"><div class=\"wp-block-group__inner-container is-layout-flow wp-block-group-is-layout-flow\">\n<h2 class=\"wp-block-heading\">Domande per il vostro evento di squadra con mused mosaik<\/h2>\n\n\n\n<p>Prima di iniziare a pianificare un evento di questo tipo con me, dovreste chiarire quanto segue:<\/p>\n\n\n\n<ul class=\"wp-block-list\">\n<li>uanti dipendenti\/team sono coinvolti?<\/li>\n\n\n\n<li>Quanti giorni o ore avete a disposizione?<\/li>\n\n\n\n<li>Quanto budget avete a disposizione?<\/li>\n\n\n\n<li>Quale dovrebbe essere il prodotto finale? Una scultura, una seduta, una parete, una mostra di piccoli mosaici, ecc.<\/li>\n\n\n\n<li>Dovrebbe essere rappresentato qualcosa di specifico (logo, motivo, persona)?<\/li>\n\n\n\n<li>Qual \u00e8 il vostro corporate e interior design (colori, caratteri, pareti, mobili, ecc.)?<\/li>\n\n\n\n<li>C&#8217;\u00e8 una data o un evento importante per il quale il prodotto deve essere pronto o il workshop deve avere luogo? Un anniversario aziendale, un onboarding o il kick-off di un progetto?<\/li>\n\n\n\n<li>Il mosaico deve essere collocato all&#8217;interno o all&#8217;esterno? In modo permanente o solo per un periodo di tempo determinato?<\/li>\n<\/ul>\n\n\n\n<div style=\"height:53px\" aria-hidden=\"true\" class=\"wp-block-spacer\"><\/div>\n\n\n\n<div class=\"wp-block-media-text alignwide has-media-on-the-right is-stacked-on-mobile is-vertically-aligned-top has-background\" style=\"background-color:#f3f3f3;grid-template-columns:auto 23%\"><div class=\"wp-block-media-text__content\">\n<h2 class=\"wp-block-heading\">\u00dcber mich<\/h2>\n\n\n\n<p>Mein Name ist Miriam Bastisch und Mosaik ist meine Leidenschaft. Im Auftrag f\u00fcr Museen, Vereine und Unternehmen habe ich bereits viele unterschiedliche Workshops f\u00fcr gro\u00dfe Gruppen organisiert. Jedes Mal bin ich begeistert, welche Energien die Arbeit an einem gemeinsamen Mosaik frei setzt und wie stolz alle Beteiligten sind, wenn sie vor dem fertigen Werk stehen. Ich liebe die G\u00e4nsehaut-Momente der Fertigstellung genauso wie alle Schritte bis dorthin ab dem ersten Entwurf.<\/p>\n\n\n\n<div class=\"wp-block-buttons is-layout-flex wp-block-buttons-is-layout-flex\">\n<div class=\"wp-block-button\"><a class=\"wp-block-button__link wp-element-button\" href=\"https:\/\/www.mused-mosaik.de\/ueber-mused\/\">Mehr zu Meiner Person<\/a><\/div>\n<\/div>\n<\/div><figure class=\"wp-block-media-text__media\"><img decoding=\"async\" src=\"https:\/\/www.mused-mosaik.de\/wp-content\/uploads\/2025\/11\/Schulen_FuerImmerBunt_Mosaik_C_Elisa_Prodoehl_Fotografie-2-2-683x1024.jpg\" alt=\"\" class=\"wp-image-24343 size-full\"\/><\/figure><\/div>\n<\/div><\/div>\n\n\n\n<div class=\"wp-block-group\"><div class=\"wp-block-group__inner-container is-layout-flow wp-block-group-is-layout-flow\">\n<div style=\"height:69px\" aria-hidden=\"true\" class=\"wp-block-spacer\"><\/div>\n<\/div><\/div>\n\n\n\n<div class=\"wp-block-group alignwide\"><div class=\"wp-block-group__inner-container is-layout-flow wp-block-group-is-layout-flow\">\n<h2 class=\"wp-block-heading\">Impressioni dai miei eventi di squadra <\/h2>\n\n\n\n<div class=\"wp-block-media-text alignwide is-stacked-on-mobile\" style=\"grid-template-columns:32% auto\"><figure class=\"wp-block-media-text__media\"><img loading=\"lazy\" decoding=\"async\" width=\"800\" height=\"600\" src=\"https:\/\/www.mused-mosaik.de\/wp-content\/uploads\/2019\/10\/Himmelsfels_Mosaikprojekt_Reinigung.jpg\" alt=\"\" class=\"wp-image-20264 size-full\" srcset=\"https:\/\/www.mused-mosaik.de\/wp-content\/uploads\/2019\/10\/Himmelsfels_Mosaikprojekt_Reinigung.jpg 800w, https:\/\/www.mused-mosaik.de\/wp-content\/uploads\/2019\/10\/Himmelsfels_Mosaikprojekt_Reinigung-600x450.jpg 600w, https:\/\/www.mused-mosaik.de\/wp-content\/uploads\/2019\/10\/Himmelsfels_Mosaikprojekt_Reinigung-300x225.jpg 300w, https:\/\/www.mused-mosaik.de\/wp-content\/uploads\/2019\/10\/Himmelsfels_Mosaikprojekt_Reinigung-768x576.jpg 768w, https:\/\/www.mused-mosaik.de\/wp-content\/uploads\/2019\/10\/Himmelsfels_Mosaikprojekt_Reinigung-370x278.jpg 370w, https:\/\/www.mused-mosaik.de\/wp-content\/uploads\/2019\/10\/Himmelsfels_Mosaikprojekt_Reinigung-570x428.jpg 570w, https:\/\/www.mused-mosaik.de\/wp-content\/uploads\/2019\/10\/Himmelsfels_Mosaikprojekt_Reinigung-770x578.jpg 770w\" sizes=\"auto, (max-width: 800px) 100vw, 800px\" \/><\/figure><div class=\"wp-block-media-text__content\">\n<figure class=\"wp-block-embed is-type-video is-provider-youtube wp-block-embed-youtube wp-embed-aspect-16-9 wp-has-aspect-ratio\"><div class=\"wp-block-embed__wrapper\">\n<iframe loading=\"lazy\" title=\"We all look up at the same sky \u2013 Ein interkulturelles Kunstprojekt von mused mosaik &amp; Himmelsfels\" width=\"770\" height=\"433\" src=\"https:\/\/www.youtube.com\/embed\/ushHpqfwjBE?feature=oembed\" frameborder=\"0\" allow=\"accelerometer; autoplay; clipboard-write; encrypted-media; gyroscope; picture-in-picture; web-share\" referrerpolicy=\"strict-origin-when-cross-origin\" allowfullscreen><\/iframe>\n<\/div><\/figure>\n<\/div><\/div>\n\n\n\n<div class=\"wp-block-media-text alignwide is-stacked-on-mobile\" style=\"grid-template-columns:32% auto\"><figure class=\"wp-block-media-text__media\"><img loading=\"lazy\" decoding=\"async\" width=\"1000\" height=\"920\" src=\"https:\/\/www.mused-mosaik.de\/wp-content\/uploads\/2023\/06\/Mosaik_Installation_Coronamosaik_Gruppenfoto_quadrat.jpg\" alt=\"Installation Coronamosaik in Duisburg cubus Kunsthalle\" class=\"wp-image-22474 size-full\" srcset=\"https:\/\/www.mused-mosaik.de\/wp-content\/uploads\/2023\/06\/Mosaik_Installation_Coronamosaik_Gruppenfoto_quadrat.jpg 1000w, https:\/\/www.mused-mosaik.de\/wp-content\/uploads\/2023\/06\/Mosaik_Installation_Coronamosaik_Gruppenfoto_quadrat-300x276.jpg 300w, https:\/\/www.mused-mosaik.de\/wp-content\/uploads\/2023\/06\/Mosaik_Installation_Coronamosaik_Gruppenfoto_quadrat-768x707.jpg 768w, https:\/\/www.mused-mosaik.de\/wp-content\/uploads\/2023\/06\/Mosaik_Installation_Coronamosaik_Gruppenfoto_quadrat-370x340.jpg 370w, https:\/\/www.mused-mosaik.de\/wp-content\/uploads\/2023\/06\/Mosaik_Installation_Coronamosaik_Gruppenfoto_quadrat-570x524.jpg 570w, https:\/\/www.mused-mosaik.de\/wp-content\/uploads\/2023\/06\/Mosaik_Installation_Coronamosaik_Gruppenfoto_quadrat-770x708.jpg 770w, https:\/\/www.mused-mosaik.de\/wp-content\/uploads\/2023\/06\/Mosaik_Installation_Coronamosaik_Gruppenfoto_quadrat-652x600.jpg 652w, https:\/\/www.mused-mosaik.de\/wp-content\/uploads\/2023\/06\/Mosaik_Installation_Coronamosaik_Gruppenfoto_quadrat-600x552.jpg 600w\" sizes=\"auto, (max-width: 1000px) 100vw, 1000px\" \/><\/figure><div class=\"wp-block-media-text__content\">\n<figure class=\"wp-block-embed is-type-video is-provider-youtube wp-block-embed-youtube wp-embed-aspect-16-9 wp-has-aspect-ratio\"><div class=\"wp-block-embed__wrapper\">\n<iframe loading=\"lazy\" title=\"#Coronamosaik im Duisburger Kantpark\" width=\"770\" height=\"433\" src=\"https:\/\/www.youtube.com\/embed\/5Dgzdx5kthY?feature=oembed\" frameborder=\"0\" allow=\"accelerometer; autoplay; clipboard-write; encrypted-media; gyroscope; picture-in-picture; web-share\" referrerpolicy=\"strict-origin-when-cross-origin\" allowfullscreen><\/iframe>\n<\/div><\/figure>\n<\/div><\/div>\n\n\n\n<div class=\"wp-block-media-text alignwide is-stacked-on-mobile\" style=\"grid-template-columns:32% auto\"><figure class=\"wp-block-media-text__media\"><img loading=\"lazy\" decoding=\"async\" width=\"660\" height=\"552\" src=\"https:\/\/www.mused-mosaik.de\/wp-content\/uploads\/2023\/06\/Mosaik_Social_Sofa_Beton_Glas_3D.jpg\" alt=\"\" class=\"wp-image-22483 size-full\" srcset=\"https:\/\/www.mused-mosaik.de\/wp-content\/uploads\/2023\/06\/Mosaik_Social_Sofa_Beton_Glas_3D.jpg 660w, https:\/\/www.mused-mosaik.de\/wp-content\/uploads\/2023\/06\/Mosaik_Social_Sofa_Beton_Glas_3D-300x251.jpg 300w, https:\/\/www.mused-mosaik.de\/wp-content\/uploads\/2023\/06\/Mosaik_Social_Sofa_Beton_Glas_3D-370x309.jpg 370w, https:\/\/www.mused-mosaik.de\/wp-content\/uploads\/2023\/06\/Mosaik_Social_Sofa_Beton_Glas_3D-570x477.jpg 570w, https:\/\/www.mused-mosaik.de\/wp-content\/uploads\/2023\/06\/Mosaik_Social_Sofa_Beton_Glas_3D-600x502.jpg 600w\" sizes=\"auto, (max-width: 660px) 100vw, 660px\" \/><\/figure><div class=\"wp-block-media-text__content\">\n<figure class=\"wp-block-embed is-type-video is-provider-youtube wp-block-embed-youtube wp-embed-aspect-16-9 wp-has-aspect-ratio\"><div class=\"wp-block-embed__wrapper\">\n<iframe loading=\"lazy\" title=\"Social Sofa D\u00fcsseldorf Holthausen - Making of\" width=\"770\" height=\"433\" src=\"https:\/\/www.youtube.com\/embed\/feQynMRstd8?feature=oembed\" frameborder=\"0\" allow=\"accelerometer; autoplay; clipboard-write; encrypted-media; gyroscope; picture-in-picture; web-share\" referrerpolicy=\"strict-origin-when-cross-origin\" allowfullscreen><\/iframe>\n<\/div><\/figure>\n<\/div><\/div>\n\n\n\n<figure class=\"wp-block-gallery has-nested-images columns-default is-cropped wp-block-gallery-2 is-layout-flex wp-block-gallery-is-layout-flex\">\n<figure class=\"wp-block-image size-large\"><img loading=\"lazy\" decoding=\"async\" width=\"768\" height=\"1024\" data-id=\"22936\" src=\"https:\/\/www.mused-mosaik.de\/wp-content\/uploads\/2024\/10\/Arbeitsplatz-768x1024.jpg\" alt=\"\" class=\"wp-image-22936\" srcset=\"https:\/\/www.mused-mosaik.de\/wp-content\/uploads\/2024\/10\/Arbeitsplatz-768x1024.jpg 768w, https:\/\/www.mused-mosaik.de\/wp-content\/uploads\/2024\/10\/Arbeitsplatz-225x300.jpg 225w, https:\/\/www.mused-mosaik.de\/wp-content\/uploads\/2024\/10\/Arbeitsplatz-1152x1536.jpg 1152w, https:\/\/www.mused-mosaik.de\/wp-content\/uploads\/2024\/10\/Arbeitsplatz-370x493.jpg 370w, https:\/\/www.mused-mosaik.de\/wp-content\/uploads\/2024\/10\/Arbeitsplatz-570x760.jpg 570w, https:\/\/www.mused-mosaik.de\/wp-content\/uploads\/2024\/10\/Arbeitsplatz-770x1026.jpg 770w, https:\/\/www.mused-mosaik.de\/wp-content\/uploads\/2024\/10\/Arbeitsplatz-1170x1560.jpg 1170w, https:\/\/www.mused-mosaik.de\/wp-content\/uploads\/2024\/10\/Arbeitsplatz-450x600.jpg 450w, https:\/\/www.mused-mosaik.de\/wp-content\/uploads\/2024\/10\/Arbeitsplatz-600x800.jpg 600w, https:\/\/www.mused-mosaik.de\/wp-content\/uploads\/2024\/10\/Arbeitsplatz.jpg 1300w\" sizes=\"auto, (max-width: 768px) 100vw, 768px\" \/><\/figure>\n\n\n\n<figure class=\"wp-block-image size-large\"><img loading=\"lazy\" decoding=\"async\" width=\"1024\" height=\"768\" data-id=\"22935\" src=\"https:\/\/www.mused-mosaik.de\/wp-content\/uploads\/2024\/10\/Farbtafel-1024x768.jpg\" alt=\"\" class=\"wp-image-22935\" srcset=\"https:\/\/www.mused-mosaik.de\/wp-content\/uploads\/2024\/10\/Farbtafel-1024x768.jpg 1024w, https:\/\/www.mused-mosaik.de\/wp-content\/uploads\/2024\/10\/Farbtafel-300x225.jpg 300w, https:\/\/www.mused-mosaik.de\/wp-content\/uploads\/2024\/10\/Farbtafel-768x576.jpg 768w, https:\/\/www.mused-mosaik.de\/wp-content\/uploads\/2024\/10\/Farbtafel-1536x1152.jpg 1536w, https:\/\/www.mused-mosaik.de\/wp-content\/uploads\/2024\/10\/Farbtafel-2048x1536.jpg 2048w, https:\/\/www.mused-mosaik.de\/wp-content\/uploads\/2024\/10\/Farbtafel-370x278.jpg 370w, https:\/\/www.mused-mosaik.de\/wp-content\/uploads\/2024\/10\/Farbtafel-570x428.jpg 570w, https:\/\/www.mused-mosaik.de\/wp-content\/uploads\/2024\/10\/Farbtafel-770x578.jpg 770w, https:\/\/www.mused-mosaik.de\/wp-content\/uploads\/2024\/10\/Farbtafel-1170x878.jpg 1170w, https:\/\/www.mused-mosaik.de\/wp-content\/uploads\/2024\/10\/Farbtafel-800x600.jpg 800w, https:\/\/www.mused-mosaik.de\/wp-content\/uploads\/2024\/10\/Farbtafel-600x450.jpg 600w\" sizes=\"auto, (max-width: 1024px) 100vw, 1024px\" \/><\/figure>\n\n\n\n<figure class=\"wp-block-image size-large\"><img loading=\"lazy\" decoding=\"async\" width=\"768\" height=\"1024\" data-id=\"22939\" src=\"https:\/\/www.mused-mosaik.de\/wp-content\/uploads\/2024\/10\/Quadrate_Arbeiten-768x1024.jpg\" alt=\"\" class=\"wp-image-22939\" srcset=\"https:\/\/www.mused-mosaik.de\/wp-content\/uploads\/2024\/10\/Quadrate_Arbeiten-768x1024.jpg 768w, https:\/\/www.mused-mosaik.de\/wp-content\/uploads\/2024\/10\/Quadrate_Arbeiten-225x300.jpg 225w, https:\/\/www.mused-mosaik.de\/wp-content\/uploads\/2024\/10\/Quadrate_Arbeiten-1152x1536.jpg 1152w, https:\/\/www.mused-mosaik.de\/wp-content\/uploads\/2024\/10\/Quadrate_Arbeiten-370x493.jpg 370w, https:\/\/www.mused-mosaik.de\/wp-content\/uploads\/2024\/10\/Quadrate_Arbeiten-570x760.jpg 570w, https:\/\/www.mused-mosaik.de\/wp-content\/uploads\/2024\/10\/Quadrate_Arbeiten-770x1026.jpg 770w, https:\/\/www.mused-mosaik.de\/wp-content\/uploads\/2024\/10\/Quadrate_Arbeiten-1170x1560.jpg 1170w, https:\/\/www.mused-mosaik.de\/wp-content\/uploads\/2024\/10\/Quadrate_Arbeiten-450x600.jpg 450w, https:\/\/www.mused-mosaik.de\/wp-content\/uploads\/2024\/10\/Quadrate_Arbeiten-600x800.jpg 600w, https:\/\/www.mused-mosaik.de\/wp-content\/uploads\/2024\/10\/Quadrate_Arbeiten.jpg 1300w\" sizes=\"auto, (max-width: 768px) 100vw, 768px\" \/><\/figure>\n\n\n\n<figure class=\"wp-block-image size-large\"><img loading=\"lazy\" decoding=\"async\" width=\"1024\" height=\"768\" data-id=\"22938\" src=\"https:\/\/www.mused-mosaik.de\/wp-content\/uploads\/2024\/10\/Love_Edition_Single_Mosaik_Duesseldorf-1024x768.jpg\" alt=\"\" class=\"wp-image-22938\" srcset=\"https:\/\/www.mused-mosaik.de\/wp-content\/uploads\/2024\/10\/Love_Edition_Single_Mosaik_Duesseldorf-1024x768.jpg 1024w, https:\/\/www.mused-mosaik.de\/wp-content\/uploads\/2024\/10\/Love_Edition_Single_Mosaik_Duesseldorf-300x225.jpg 300w, https:\/\/www.mused-mosaik.de\/wp-content\/uploads\/2024\/10\/Love_Edition_Single_Mosaik_Duesseldorf-768x576.jpg 768w, https:\/\/www.mused-mosaik.de\/wp-content\/uploads\/2024\/10\/Love_Edition_Single_Mosaik_Duesseldorf-370x278.jpg 370w, https:\/\/www.mused-mosaik.de\/wp-content\/uploads\/2024\/10\/Love_Edition_Single_Mosaik_Duesseldorf-570x428.jpg 570w, https:\/\/www.mused-mosaik.de\/wp-content\/uploads\/2024\/10\/Love_Edition_Single_Mosaik_Duesseldorf-770x578.jpg 770w, https:\/\/www.mused-mosaik.de\/wp-content\/uploads\/2024\/10\/Love_Edition_Single_Mosaik_Duesseldorf-1170x878.jpg 1170w, https:\/\/www.mused-mosaik.de\/wp-content\/uploads\/2024\/10\/Love_Edition_Single_Mosaik_Duesseldorf-800x600.jpg 800w, https:\/\/www.mused-mosaik.de\/wp-content\/uploads\/2024\/10\/Love_Edition_Single_Mosaik_Duesseldorf-600x450.jpg 600w, https:\/\/www.mused-mosaik.de\/wp-content\/uploads\/2024\/10\/Love_Edition_Single_Mosaik_Duesseldorf.jpg 1300w\" sizes=\"auto, (max-width: 1024px) 100vw, 1024px\" \/><\/figure>\n\n\n\n<figure class=\"wp-block-image size-large\"><img loading=\"lazy\" decoding=\"async\" width=\"1024\" height=\"768\" data-id=\"22932\" src=\"https:\/\/www.mused-mosaik.de\/wp-content\/uploads\/2024\/10\/Herz_Mann-1024x768.jpg\" alt=\"\" class=\"wp-image-22932\" srcset=\"https:\/\/www.mused-mosaik.de\/wp-content\/uploads\/2024\/10\/Herz_Mann-1024x768.jpg 1024w, https:\/\/www.mused-mosaik.de\/wp-content\/uploads\/2024\/10\/Herz_Mann-300x225.jpg 300w, https:\/\/www.mused-mosaik.de\/wp-content\/uploads\/2024\/10\/Herz_Mann-768x576.jpg 768w, https:\/\/www.mused-mosaik.de\/wp-content\/uploads\/2024\/10\/Herz_Mann-370x278.jpg 370w, https:\/\/www.mused-mosaik.de\/wp-content\/uploads\/2024\/10\/Herz_Mann-570x428.jpg 570w, https:\/\/www.mused-mosaik.de\/wp-content\/uploads\/2024\/10\/Herz_Mann-770x578.jpg 770w, https:\/\/www.mused-mosaik.de\/wp-content\/uploads\/2024\/10\/Herz_Mann-1170x878.jpg 1170w, https:\/\/www.mused-mosaik.de\/wp-content\/uploads\/2024\/10\/Herz_Mann-800x600.jpg 800w, https:\/\/www.mused-mosaik.de\/wp-content\/uploads\/2024\/10\/Herz_Mann-600x450.jpg 600w, https:\/\/www.mused-mosaik.de\/wp-content\/uploads\/2024\/10\/Herz_Mann.jpg 1300w\" sizes=\"auto, (max-width: 1024px) 100vw, 1024px\" \/><\/figure>\n\n\n\n<figure class=\"wp-block-image size-large\"><img loading=\"lazy\" decoding=\"async\" width=\"1024\" height=\"768\" data-id=\"22933\" src=\"https:\/\/www.mused-mosaik.de\/wp-content\/uploads\/2024\/10\/Love_Edition_Gruppe_Mosaik-1024x768.jpg\" alt=\"Unternehmen Teamevent\" class=\"wp-image-22933\" srcset=\"https:\/\/www.mused-mosaik.de\/wp-content\/uploads\/2024\/10\/Love_Edition_Gruppe_Mosaik-1024x768.jpg 1024w, https:\/\/www.mused-mosaik.de\/wp-content\/uploads\/2024\/10\/Love_Edition_Gruppe_Mosaik-300x225.jpg 300w, https:\/\/www.mused-mosaik.de\/wp-content\/uploads\/2024\/10\/Love_Edition_Gruppe_Mosaik-768x576.jpg 768w, https:\/\/www.mused-mosaik.de\/wp-content\/uploads\/2024\/10\/Love_Edition_Gruppe_Mosaik-1536x1153.jpg 1536w, https:\/\/www.mused-mosaik.de\/wp-content\/uploads\/2024\/10\/Love_Edition_Gruppe_Mosaik-2048x1537.jpg 2048w, https:\/\/www.mused-mosaik.de\/wp-content\/uploads\/2024\/10\/Love_Edition_Gruppe_Mosaik-370x278.jpg 370w, https:\/\/www.mused-mosaik.de\/wp-content\/uploads\/2024\/10\/Love_Edition_Gruppe_Mosaik-570x428.jpg 570w, https:\/\/www.mused-mosaik.de\/wp-content\/uploads\/2024\/10\/Love_Edition_Gruppe_Mosaik-770x578.jpg 770w, https:\/\/www.mused-mosaik.de\/wp-content\/uploads\/2024\/10\/Love_Edition_Gruppe_Mosaik-1170x878.jpg 1170w, https:\/\/www.mused-mosaik.de\/wp-content\/uploads\/2024\/10\/Love_Edition_Gruppe_Mosaik-800x600.jpg 800w, https:\/\/www.mused-mosaik.de\/wp-content\/uploads\/2024\/10\/Love_Edition_Gruppe_Mosaik-600x450.jpg 600w\" sizes=\"auto, (max-width: 1024px) 100vw, 1024px\" \/><\/figure>\n\n\n\n<figure class=\"wp-block-image size-large\"><img loading=\"lazy\" decoding=\"async\" width=\"1024\" height=\"768\" data-id=\"22934\" src=\"https:\/\/www.mused-mosaik.de\/wp-content\/uploads\/2024\/10\/Gruppe-1024x768.jpg\" alt=\"\" class=\"wp-image-22934\" srcset=\"https:\/\/www.mused-mosaik.de\/wp-content\/uploads\/2024\/10\/Gruppe-1024x768.jpg 1024w, https:\/\/www.mused-mosaik.de\/wp-content\/uploads\/2024\/10\/Gruppe-300x225.jpg 300w, https:\/\/www.mused-mosaik.de\/wp-content\/uploads\/2024\/10\/Gruppe-768x576.jpg 768w, https:\/\/www.mused-mosaik.de\/wp-content\/uploads\/2024\/10\/Gruppe-370x278.jpg 370w, https:\/\/www.mused-mosaik.de\/wp-content\/uploads\/2024\/10\/Gruppe-570x428.jpg 570w, https:\/\/www.mused-mosaik.de\/wp-content\/uploads\/2024\/10\/Gruppe-770x578.jpg 770w, https:\/\/www.mused-mosaik.de\/wp-content\/uploads\/2024\/10\/Gruppe-1170x878.jpg 1170w, https:\/\/www.mused-mosaik.de\/wp-content\/uploads\/2024\/10\/Gruppe-800x600.jpg 800w, https:\/\/www.mused-mosaik.de\/wp-content\/uploads\/2024\/10\/Gruppe-600x450.jpg 600w, https:\/\/www.mused-mosaik.de\/wp-content\/uploads\/2024\/10\/Gruppe.jpg 1300w\" sizes=\"auto, (max-width: 1024px) 100vw, 1024px\" \/><\/figure>\n<\/figure>\n<\/div><\/div>\n\n\n\n<div class=\"wp-block-group\"><div class=\"wp-block-group__inner-container is-layout-flow wp-block-group-is-layout-flow\">\n<h2 class=\"wp-block-heading\">Prezzi<\/h2>\n\n\n\n<p>Come punto di riferimento potete consultare questo listino prezzi. Vi far\u00f2 un&#8217;offerta personalizzata che includer\u00e0 i costi dei materiali e di viaggio, in modo che sappiate esattamente quali costi dovrete sostenere. Il numero minimo di partecipanti \u00e8 7.<\/p>\n\n\n\n<figure class=\"wp-block-table is-style-stripes\"><table class=\"has-white-background-color has-background\"><thead><tr><th class=\"has-text-align-left\" data-align=\"left\">Tipo<\/th><th class=\"has-text-align-left\" data-align=\"left\">A giorno<\/th><th class=\"has-text-align-left\" data-align=\"left\">Durata<\/th><th class=\"has-text-align-left\" data-align=\"left\">Ore totali<\/th><th class=\"has-text-align-left\" data-align=\"left\">costi *<\/th><\/tr><\/thead><tbody><tr><td class=\"has-text-align-left\" data-align=\"left\">Team building 1 giorno<\/td><td class=\"has-text-align-left\" data-align=\"left\">3 ore<\/td><td class=\"has-text-align-left\" data-align=\"left\">1 giorno<\/td><td class=\"has-text-align-left\" data-align=\"left\">3 ore<\/td><td class=\"has-text-align-left\" data-align=\"left\">290,- \u20ac<\/td><\/tr><tr><td class=\"has-text-align-left\" data-align=\"left\">Team building 2 giorni<\/td><td class=\"has-text-align-left\" data-align=\"left\">4 ore<\/td><td class=\"has-text-align-left\" data-align=\"left\">2 giorni<\/td><td class=\"has-text-align-left\" data-align=\"left\">8 ore<\/td><td class=\"has-text-align-left\" data-align=\"left\">695,- \u20ac<\/td><\/tr><tr><td class=\"has-text-align-left\" data-align=\"left\">Team building 3 giorni<\/td><td class=\"has-text-align-left\" data-align=\"left\">5 ore<\/td><td class=\"has-text-align-left\" data-align=\"left\">3 giorni<\/td><td class=\"has-text-align-left\" data-align=\"left\">15 ore<\/td><td class=\"has-text-align-left\" data-align=\"left\">1160,- \u20ac<\/td><\/tr><\/tbody><\/table><figcaption class=\"wp-element-caption\">* <em>tutti i prezzi si intendono a persona pi\u00f9 materiale, spese di viaggio forfettarie<\/em> <em>e IVA.<\/em><\/figcaption><\/figure>\n<\/div><\/div>\n\n\n\n<div class=\"wp-block-group\"><div class=\"wp-block-group__inner-container is-layout-flow wp-block-group-is-layout-flow\">\n<h2 class=\"wp-block-heading\">Invia subito una richiesta <\/h2>\n\n\n\n<p>Siete interessati? Inviateci la vostra richiesta non vincolante utilizzando il <a href=\"https:\/\/www.mused-mosaik.de\/it\/contatto\/\">modulo di contatto<\/a>. <\/p>\n<\/div><\/div>\n","protected":false},"excerpt":{"rendered":"<p>Il lavoro di squadra incontra la creativit\u00e0 Un workshop sul mosaico \u00e8 pi\u00f9 di una semplice pausa creativa: rafforza lo spirito di squadra, promuove&#8230;<\/p>\n","protected":false},"author":3,"featured_media":22257,"parent":0,"menu_order":0,"comment_status":"closed","ping_status":"closed","template":"","meta":{"footnotes":""},"class_list":["post-23610","page","type-page","status-publish","has-post-thumbnail","hentry","post-item","post-even"],"_links":{"self":[{"href":"https:\/\/www.mused-mosaik.de\/it\/wp-json\/wp\/v2\/pages\/23610","targetHints":{"allow":["GET"]}}],"collection":[{"href":"https:\/\/www.mused-mosaik.de\/it\/wp-json\/wp\/v2\/pages"}],"about":[{"href":"https:\/\/www.mused-mosaik.de\/it\/wp-json\/wp\/v2\/types\/page"}],"author":[{"embeddable":true,"href":"https:\/\/www.mused-mosaik.de\/it\/wp-json\/wp\/v2\/users\/3"}],"replies":[{"embeddable":true,"href":"https:\/\/www.mused-mosaik.de\/it\/wp-json\/wp\/v2\/comments?post=23610"}],"version-history":[{"count":3,"href":"https:\/\/www.mused-mosaik.de\/it\/wp-json\/wp\/v2\/pages\/23610\/revisions"}],"predecessor-version":[{"id":23615,"href":"https:\/\/www.mused-mosaik.de\/it\/wp-json\/wp\/v2\/pages\/23610\/revisions\/23615"}],"wp:featuredmedia":[{"embeddable":true,"href":"https:\/\/www.mused-mosaik.de\/it\/wp-json\/wp\/v2\/media\/22257"}],"wp:attachment":[{"href":"https:\/\/www.mused-mosaik.de\/it\/wp-json\/wp\/v2\/media?parent=23610"}],"curies":[{"name":"wp","href":"https:\/\/api.w.org\/{rel}","templated":true}]}}