{"id":14956,"date":"2016-10-08T18:51:48","date_gmt":"2016-10-08T16:51:48","guid":{"rendered":"http:\/\/www.mused-mosaik.de\/?page_id=14956"},"modified":"2024-10-19T00:09:37","modified_gmt":"2024-10-18T22:09:37","slug":"newsletter","status":"publish","type":"page","link":"https:\/\/www.mused-mosaik.de\/en\/newsletter\/","title":{"rendered":"Newsletter"},"content":{"rendered":"\n<div id=\"mc_embed_shell\">\n      <link href=\"\/\/cdn-images.mailchimp.com\/embedcode\/classic-061523.css\" rel=\"stylesheet\" type=\"text\/css\">\n  <style type=\"text\/css\">\n        #mc_embed_signup{background:#fff; false;clear:left; font:14px Helvetica,Arial,sans-serif; width: px;}\n        \/* Add your own Mailchimp form style overrides in your site stylesheet or in this style block.\n           We recommend moving this block and the preceding CSS link to the HEAD of your HTML file. *\/\n<\/style><style type=\"text\/css\">\n        #mc-embedded-subscribe-form input[type=checkbox]{display: inline; width: auto;margin-right: 10px;}\n#mergeRow-gdpr {margin-top: 20px;}\n#mergeRow-gdpr fieldset label {font-weight: normal;}\n#mc-embedded-subscribe-form .mc_fieldset{border:none;min-height: 0px;padding-bottom:0px;}\n<\/style>\n<div id=\"mc_embed_signup\">\n    <form action=\"https:\/\/mused-mosaik.us6.list-manage.com\/subscribe\/post?u=2535fc9fdb886e9fd2af8eb96&amp;id=b6cad6123b&amp;v_id=3954&amp;f_id=00e1d2e5f0\" method=\"post\" id=\"mc-embedded-subscribe-form\" name=\"mc-embedded-subscribe-form\" class=\"validate\" target=\"_blank\">\n        <div id=\"mc_embed_signup_scroll\"><h2>Newsletter<\/h2>\n            <div class=\"indicates-required\"><span class=\"asterisk\">*<\/span>Pflichtfeld<\/div>\n            <div class=\"mc-field-group\"><label for=\"mce-EMAIL\">E-mail <span class=\"asterisk\">*<\/span><\/label><input type=\"email\" name=\"EMAIL\" class=\"required email\" id=\"mce-EMAIL\" required=\"\" value=\"\"><\/div><div id=\"mergeRow-gdpr\" class=\"mergeRow gdpr-mergeRow content__gdprBlock mc-field-group\"><div class=\"content__gdpr\"><label>Informationen zu diesem Newsletter<\/label><p>mused verwendet die Informationen, die du in diesem Formular zur Verf\u00fcgung stellst, um mit dir in Kontakt zu bleiben. Deine E-Mail-Adresse wird nur f\u00fcr den Zweck der Erbringung dieses Newsletters verwendet. Es kommt sicher vor, dass Du dabei auch etwas \u00fcber meine Projekte und Workshops erf\u00e4hrst.\nDeine E-Mail-Adresse wird aber niemals f\u00fcr Werbezwecke an Dritte weitergegeben. Wenn du den Newsletter abonnieren m\u00f6chtest, best\u00e4tige dies bitte \u00fcber dieses Kontrollk\u00e4stchen:<\/p><fieldset class=\"mc_fieldset gdprRequired mc-field-group\" name=\"interestgroup_field\"><label class=\"checkbox subfield\" for=\"gdpr1921\"><input type=\"checkbox\" id=\"gdpr_1921\" name=\"gdpr[1921]\" class=\"gdpr\" value=\"Y\"><span>Ja, ich m\u00f6chte den mused Newsletter erhalten.<\/span><\/label><\/fieldset><p>Du kannst deine Meinung jederzeit \u00e4ndern, indem du auf den Abbestellungs-Link klickst, den du in der Fu\u00dfzeile jeder E-Mail findest, die du von uns erh\u00e4ltst. Du kannst auch einfach eine Nachricht an miriam@mused-mosaik.de schicken. Wir werden deine Informationen mit Sorgfalt und Respekt behandeln. Weitere Informationen zu unseren Datenschutzpraktiken findest du  auf unserer Website. Indem du unten auf &#8220;Anmelden&#8221; klickst, erkl\u00e4rst du dich damit einverstanden, dass wir deine Informationen in \u00dcbereinstimmung mit diesen Bedingungen verarbeiten d\u00fcrfen. <\/p><\/div><div class=\"content__gdprLegal\"><p>We use Mailchimp as our marketing platform. By clicking below to subscribe, you acknowledge that your information will be transferred to Mailchimp for processing. <a href=\"https:\/\/mailchimp.com\/legal\/terms\">Learn more<\/a> about Mailchimp&#8217;s privacy practices.<\/p><\/div><\/div>\n        <div id=\"mce-responses\" class=\"clear foot\">\n            <div class=\"response\" id=\"mce-error-response\" style=\"display: none;\"><\/div>\n            <div class=\"response\" id=\"mce-success-response\" style=\"display: none;\"><\/div>\n        <\/div>\n    <div aria-hidden=\"true\" style=\"position: absolute; left: -5000px;\">\n        \/* real people should not fill this in and expect good things &#8211; do not remove this or risk form bot signups *\/\n        <input type=\"text\" name=\"b_2535fc9fdb886e9fd2af8eb96_b6cad6123b\" tabindex=\"-1\" value=\"\">\n    <\/div>\n        <div class=\"optionalParent\">\n            <div class=\"clear foot\">\n                <input type=\"submit\" name=\"Abonnieren\" id=\"mc-embedded-subscribe\" class=\"button\" value=\"Subscribe\">\n                <p style=\"margin: 0px auto;\"><a href=\"http:\/\/eepurl.com\/i0Qcog\" title=\"Mailchimp - email marketing made easy and fun\"><span style=\"display: inline-block; background-color: transparent; border-radius: 4px;\"><img decoding=\"async\" class=\"refferal_badge\" src=\"https:\/\/digitalasset.intuit.com\/render\/content\/dam\/intuit\/mc-fe\/en_us\/images\/intuit-mc-rewards-text-dark.svg\" alt=\"Intuit Mailchimp\" style=\"width: 220px; height: 40px; display: flex; padding: 2px 0px; justify-content: center; align-items: center;\"><\/span><\/a><\/p>\n            <\/div>\n        <\/div>\n    <\/div>\n<\/form>\n<\/div>\n<script type=\"text\/javascript\" src=\"\/\/s3.amazonaws.com\/downloads.mailchimp.com\/js\/mc-validate.js\"><\/script><script type=\"text\/javascript\">(function($) {window.fnames = new Array(); window.ftypes = new Array();fnames[0]='EMAIL';ftypes[0]='email';\/*\n * Translated default messages for the $ validation plugin.\n * Locale: DE\n *\/\n$.extend($.validator.messages, {\n\trequired: \"Dieses Feld ist ein Pflichtfeld.\",\n\tmaxlength: $.validator.format(\"Geben Sie bitte maximal {0} Zeichen ein.\"),\n\tminlength: $.validator.format(\"Geben Sie bitte mindestens {0} Zeichen ein.\"),\n\trangelength: $.validator.format(\"Geben Sie bitte mindestens {0} und maximal {1} Zeichen ein.\"),\n\temail: \"Geben Sie bitte eine g\u00fcltige E-Mail Adresse ein.\",\n\turl: \"Geben Sie bitte eine g\u00fcltige URL ein.\",\n\tdate: \"Bitte geben Sie ein g\u00fcltiges Datum ein.\",\n\tnumber: \"Geben Sie bitte eine Nummer ein.\",\n\tdigits: \"Geben Sie bitte nur Ziffern ein.\",\n\tequalTo: \"Bitte denselben Wert wiederholen.\",\n\trange: $.validator.format(\"Geben Sie bitten einen Wert zwischen {0} und {1}.\"),\n\tmax: $.validator.format(\"Geben Sie bitte einen Wert kleiner oder gleich {0} ein.\"),\n\tmin: $.validator.format(\"Geben Sie bitte einen Wert gr\u00f6\u00dfer oder gleich {0} ein.\"),\n\tcreditcard: \"Geben Sie bitte ein g\u00fcltige Kreditkarten-Nummer ein.\"\n});}(jQuery));var $mcj = jQuery.noConflict(true);<\/script><\/div>\n\n\n\n<p><a href=\"http:\/\/eepurl.com\/i0Qcog\"><\/a><\/p>\n","protected":false},"excerpt":{"rendered":"<p>Newsletter *Pflichtfeld E-mail * Informationen zu diesem Newsletter mused verwendet die Informationen, die du in diesem Formular zur Verf\u00fcgung stellst, um mit dir in&#8230;<\/p>\n","protected":false},"author":3,"featured_media":0,"parent":0,"menu_order":0,"comment_status":"closed","ping_status":"closed","template":"","meta":{"footnotes":""},"class_list":["post-14956","page","type-page","status-publish","hentry","post-item","post-even"],"_links":{"self":[{"href":"https:\/\/www.mused-mosaik.de\/en\/wp-json\/wp\/v2\/pages\/14956","targetHints":{"allow":["GET"]}}],"collection":[{"href":"https:\/\/www.mused-mosaik.de\/en\/wp-json\/wp\/v2\/pages"}],"about":[{"href":"https:\/\/www.mused-mosaik.de\/en\/wp-json\/wp\/v2\/types\/page"}],"author":[{"embeddable":true,"href":"https:\/\/www.mused-mosaik.de\/en\/wp-json\/wp\/v2\/users\/3"}],"replies":[{"embeddable":true,"href":"https:\/\/www.mused-mosaik.de\/en\/wp-json\/wp\/v2\/comments?post=14956"}],"version-history":[{"count":5,"href":"https:\/\/www.mused-mosaik.de\/en\/wp-json\/wp\/v2\/pages\/14956\/revisions"}],"predecessor-version":[{"id":22996,"href":"https:\/\/www.mused-mosaik.de\/en\/wp-json\/wp\/v2\/pages\/14956\/revisions\/22996"}],"wp:attachment":[{"href":"https:\/\/www.mused-mosaik.de\/en\/wp-json\/wp\/v2\/media?parent=14956"}],"curies":[{"name":"wp","href":"https:\/\/api.w.org\/{rel}","templated":true}]}}